{"id":14,"date":"2018-08-28T10:23:32","date_gmt":"2018-08-28T08:23:32","guid":{"rendered":"http:\/\/www.hd-foto.cz\/?page_id=14"},"modified":"2021-10-22T14:55:17","modified_gmt":"2021-10-22T12:55:17","slug":"portfolio","status":"publish","type":"page","link":"https:\/\/hd-foto.cz\/index.php\/portfolio\/","title":{"rendered":"Portfolio"},"content":{"rendered":"\n<div class=\"wp-block-image\"><figure class=\"aligncenter size-medium\"><a href=\"svatby\"><img loading=\"lazy\" decoding=\"async\" width=\"300\" height=\"200\" src=\"https:\/\/hd-foto.cz\/wp-content\/uploads\/2020\/04\/svtby-300x200.jpg\" alt=\"\" class=\"wp-image-2352\" srcset=\"https:\/\/hd-foto.cz\/wp-content\/uploads\/2020\/04\/svtby-300x200.jpg 300w, https:\/\/hd-foto.cz\/wp-content\/uploads\/2020\/04\/svtby-768x512.jpg 768w, https:\/\/hd-foto.cz\/wp-content\/uploads\/2020\/04\/svtby-700x467.jpg 700w, https:\/\/hd-foto.cz\/wp-content\/uploads\/2020\/04\/svtby-750x500.jpg 750w, https:\/\/hd-foto.cz\/wp-content\/uploads\/2020\/04\/svtby.jpg 1500w\" sizes=\"auto, (max-width: 300px) 100vw, 300px\" \/><\/a><\/figure><\/div>\n\n\n\n<div class=\"wp-block-image\"><figure class=\"aligncenter size-medium\"><a href=\"https:\/\/hd-foto.cz\/index.php\/portfolio\/portrety\/\"><img loading=\"lazy\" decoding=\"async\" width=\"300\" height=\"200\" src=\"https:\/\/hd-foto.cz\/wp-content\/uploads\/2021\/10\/portre\u0301ty-700x467-1-300x200.jpg\" alt=\"portr\u00e9t modelka\" class=\"wp-image-2851\" srcset=\"https:\/\/hd-foto.cz\/wp-content\/uploads\/2021\/10\/portre\u0301ty-700x467-1-300x200.jpg 300w, https:\/\/hd-foto.cz\/wp-content\/uploads\/2021\/10\/portre\u0301ty-700x467-1.jpg 700w\" sizes=\"auto, (max-width: 300px) 100vw, 300px\" \/><\/a><\/figure><\/div>\n\n\n\n<div class=\"wp-block-image\"><figure class=\"aligncenter size-medium\"><a href=\"https:\/\/hd-foto.cz\/index.php\/portfolio\/deti\/\"><img loading=\"lazy\" decoding=\"async\" width=\"300\" height=\"200\" src=\"https:\/\/hd-foto.cz\/wp-content\/uploads\/2021\/10\/rodinne\u0301-700x467-1-300x200.jpg\" alt=\"rodinn\u00e9 fotografie\" class=\"wp-image-2850\" srcset=\"https:\/\/hd-foto.cz\/wp-content\/uploads\/2021\/10\/rodinne\u0301-700x467-1-300x200.jpg 300w, https:\/\/hd-foto.cz\/wp-content\/uploads\/2021\/10\/rodinne\u0301-700x467-1.jpg 700w\" sizes=\"auto, (max-width: 300px) 100vw, 300px\" \/><\/a><\/figure><\/div>\n\n\n\n<div class=\"wp-block-image\"><figure class=\"aligncenter size-medium\"><a href=\"akty-3\"><img loading=\"lazy\" decoding=\"async\" width=\"300\" height=\"200\" src=\"https:\/\/hd-foto.cz\/wp-content\/uploads\/2020\/04\/akty-300x200.jpg\" alt=\"\" class=\"wp-image-2356\" srcset=\"https:\/\/hd-foto.cz\/wp-content\/uploads\/2020\/04\/akty-300x200.jpg 300w, https:\/\/hd-foto.cz\/wp-content\/uploads\/2020\/04\/akty-768x512.jpg 768w, https:\/\/hd-foto.cz\/wp-content\/uploads\/2020\/04\/akty-700x467.jpg 700w, https:\/\/hd-foto.cz\/wp-content\/uploads\/2020\/04\/akty-750x500.jpg 750w, https:\/\/hd-foto.cz\/wp-content\/uploads\/2020\/04\/akty.jpg 1500w\" sizes=\"auto, (max-width: 300px) 100vw, 300px\" \/><\/a><\/figure><\/div>\n\n\n\n<div style=\"height:41px\" aria-hidden=\"true\" class=\"wp-block-spacer\"><\/div>\n\n\n\n<p><\/p>\n\n\n\n<p class=\"has-text-align-center\"><em><span style=\"font-size: 16px;\">Ve\u0161ker\u00e9 publikovan\u00e9 fotografie jsou chr\u00e1n\u011bny autorsk\u00fdm z\u00e1konem.<\/span><\/em><\/p>\n\n\n\n<p class=\"has-text-align-center\"><em>Jejich dal\u0161\u00ed pou\u017eit\u00ed je mo\u017en\u00e9 pouze s p\u00edsemn\u00fdm svolen\u00edm autora.<\/em><\/p>\n\n\n\n<hr class=\"wp-block-separator\"\/>\n\n\n\n<p class=\"has-text-align-center\"><em>&nbsp;L\u00edb\u00ed se V\u00e1m m\u00e9 fotografie? Rezervujte si term\u00edn focen\u00ed,<\/em><\/p>\n\n\n\n<p class=\"has-text-align-center\"><em>nebo kupte d\u00e1rkov\u00fd poukaz pro sv\u00e9 bl\u00edzk\u00e9.<\/em><\/p>\n\n\n\n<div style=\"height:20px\" aria-hidden=\"true\" class=\"wp-block-spacer\"><\/div>\n\n\n\n<div class=\"wp-block-button aligncenter\"><a class=\"wp-block-button__link has-very-dark-gray-background-color has-background no-border-radius\" href=\"http:\/\/www.hd-foto.cz\/index.php\/objednavkovy-formular\/\">M\u00c1M Z\u00c1JEM O FOCEN\u00cd<\/a><\/div>\n\n\n\n<div style=\"height:20px\" aria-hidden=\"true\" class=\"wp-block-spacer\"><\/div>\n\n\n\n<p><em><strong>Chce\u0161 m\u00edt p\u0159\u00edstup ke kompletn\u00edm fotogaleri\u00edm a k cenzurovan\u00e9mu obsahu? . . .<\/strong><\/em><\/p>\n\n\n\n<h3 class=\"wp-block-heading\"><em><strong> <\/strong><\/em><a extln_redirecting=\"true\" href=\"https:\/\/www.patreon.com\/bePatron?u=41061696\"><em><strong>sta\u0148 se patronem!<\/strong><\/em><\/a><\/h3>\n","protected":false},"excerpt":{"rendered":"<p>Ve\u0161ker\u00e9 publikovan\u00e9 fotografie jsou chr\u00e1n\u011bny autorsk\u00fdm z\u00e1konem. Jejich dal\u0161\u00ed pou\u017eit\u00ed je mo\u017en\u00e9 pouze s p\u00edsemn\u00fdm svolen\u00edm autora. &nbsp;L\u00edb\u00ed se V\u00e1m m\u00e9 fotografie? Rezervujte si term\u00edn focen\u00ed, nebo kupte d\u00e1rkov\u00fd poukaz pro sv\u00e9 bl\u00edzk\u00e9. Chce\u0161 m\u00edt p\u0159\u00edstup ke kompletn\u00edm fotogaleri\u00edm a k cenzurovan\u00e9mu obsahu? . . . sta\u0148 se patronem!<\/p>\n","protected":false},"author":1,"featured_media":0,"parent":0,"menu_order":0,"comment_status":"closed","ping_status":"closed","template":"","meta":{"om_disable_all_campaigns":false,"_monsterinsights_skip_tracking":false,"_monsterinsights_sitenote_active":false,"_monsterinsights_sitenote_note":"","_monsterinsights_sitenote_category":0,"_uf_show_specific_survey":0,"_uf_disable_surveys":false,"ngg_post_thumbnail":0,"_themeisle_gutenberg_block_has_review":false,"footnotes":""},"class_list":["post-14","page","type-page","status-publish","hentry"],"yoast_head":"<!-- This site is optimized with the Yoast SEO plugin v27.4 - https:\/\/yoast.com\/product\/yoast-seo-wordpress\/ -->\n<title>Honza Dvo\u0159\u00e1k &#8226; svatebn\u00ed fotograf &#8226; Portfolio<\/title>\n<meta name=\"description\" content=\"Zastavuji \u010das a uchov\u00e1v\u00e1m vzpom\u00ednky. Fot\u00edm lidi, jejich radosti, \u0161t\u011bst\u00ed a p\u0159\u00edb\u011bhy. V\u0161e, na co by bylo dobr\u00e9 si za p\u00e1r let vzpomenout.\" \/>\n<meta name=\"robots\" content=\"index, follow, max-snippet:-1, max-image-preview:large, max-video-preview:-1\" \/>\n<link rel=\"canonical\" href=\"https:\/\/hd-foto.cz\/index.php\/portfolio\/\" \/>\n<meta property=\"og:locale\" content=\"cs_CZ\" \/>\n<meta property=\"og:type\" content=\"article\" \/>\n<meta property=\"og:title\" content=\"Honza Dvo\u0159\u00e1k &#8226; svatebn\u00ed fotograf &#8226; Portfolio\" \/>\n<meta property=\"og:description\" content=\"Zastavuji \u010das a uchov\u00e1v\u00e1m vzpom\u00ednky. Fot\u00edm lidi, jejich radosti, \u0161t\u011bst\u00ed a p\u0159\u00edb\u011bhy. V\u0161e, na co by bylo dobr\u00e9 si za p\u00e1r let vzpomenout.\" \/>\n<meta property=\"og:url\" content=\"https:\/\/hd-foto.cz\/index.php\/portfolio\/\" \/>\n<meta property=\"og:site_name\" content=\"Honza Dvo\u0159\u00e1k\" \/>\n<meta property=\"article:publisher\" content=\"https:\/\/www.facebook.com\/Honzadvorakfoto\" \/>\n<meta property=\"article:modified_time\" content=\"2021-10-22T12:55:17+00:00\" \/>\n<meta property=\"og:image\" content=\"http:\/\/hd-foto.cz\/wp-content\/uploads\/2020\/04\/svtby-300x200.jpg\" \/>\n<script type=\"application\/ld+json\" class=\"yoast-schema-graph\">{\"@context\":\"https:\\\/\\\/schema.org\",\"@graph\":[{\"@type\":\"WebPage\",\"@id\":\"https:\\\/\\\/hd-foto.cz\\\/index.php\\\/portfolio\\\/\",\"url\":\"https:\\\/\\\/hd-foto.cz\\\/index.php\\\/portfolio\\\/\",\"name\":\"Honza Dvo\u0159\u00e1k &#8226; svatebn\u00ed fotograf &#8226; Portfolio\",\"isPartOf\":{\"@id\":\"https:\\\/\\\/hd-foto.cz\\\/#website\"},\"primaryImageOfPage\":{\"@id\":\"https:\\\/\\\/hd-foto.cz\\\/index.php\\\/portfolio\\\/#primaryimage\"},\"image\":{\"@id\":\"https:\\\/\\\/hd-foto.cz\\\/index.php\\\/portfolio\\\/#primaryimage\"},\"thumbnailUrl\":\"http:\\\/\\\/hd-foto.cz\\\/wp-content\\\/uploads\\\/2020\\\/04\\\/svtby-300x200.jpg\",\"datePublished\":\"2018-08-28T08:23:32+00:00\",\"dateModified\":\"2021-10-22T12:55:17+00:00\",\"description\":\"Zastavuji \u010das a uchov\u00e1v\u00e1m vzpom\u00ednky. Fot\u00edm lidi, jejich radosti, \u0161t\u011bst\u00ed a p\u0159\u00edb\u011bhy. V\u0161e, na co by bylo dobr\u00e9 si za p\u00e1r let vzpomenout.\",\"breadcrumb\":{\"@id\":\"https:\\\/\\\/hd-foto.cz\\\/index.php\\\/portfolio\\\/#breadcrumb\"},\"inLanguage\":\"cs\",\"potentialAction\":[{\"@type\":\"ReadAction\",\"target\":[\"https:\\\/\\\/hd-foto.cz\\\/index.php\\\/portfolio\\\/\"]}]},{\"@type\":\"ImageObject\",\"inLanguage\":\"cs\",\"@id\":\"https:\\\/\\\/hd-foto.cz\\\/index.php\\\/portfolio\\\/#primaryimage\",\"url\":\"https:\\\/\\\/hd-foto.cz\\\/wp-content\\\/uploads\\\/2020\\\/04\\\/svtby.jpg\",\"contentUrl\":\"https:\\\/\\\/hd-foto.cz\\\/wp-content\\\/uploads\\\/2020\\\/04\\\/svtby.jpg\",\"width\":1500,\"height\":1000},{\"@type\":\"BreadcrumbList\",\"@id\":\"https:\\\/\\\/hd-foto.cz\\\/index.php\\\/portfolio\\\/#breadcrumb\",\"itemListElement\":[{\"@type\":\"ListItem\",\"position\":1,\"name\":\"Dom\u016f\",\"item\":\"https:\\\/\\\/hd-foto.cz\\\/\"},{\"@type\":\"ListItem\",\"position\":2,\"name\":\"Portfolio\"}]},{\"@type\":\"WebSite\",\"@id\":\"https:\\\/\\\/hd-foto.cz\\\/#website\",\"url\":\"https:\\\/\\\/hd-foto.cz\\\/\",\"name\":\"Honza Dvo\u0159\u00e1k\",\"description\":\"prezentace svatebn\u00edho a portr\u00e9tn\u00edho fotografa\",\"publisher\":{\"@id\":\"https:\\\/\\\/hd-foto.cz\\\/#\\\/schema\\\/person\\\/010cb4afbca89388ed4b92ad74f2c3a8\"},\"potentialAction\":[{\"@type\":\"SearchAction\",\"target\":{\"@type\":\"EntryPoint\",\"urlTemplate\":\"https:\\\/\\\/hd-foto.cz\\\/?s={search_term_string}\"},\"query-input\":{\"@type\":\"PropertyValueSpecification\",\"valueRequired\":true,\"valueName\":\"search_term_string\"}}],\"inLanguage\":\"cs\"},{\"@type\":[\"Person\",\"Organization\"],\"@id\":\"https:\\\/\\\/hd-foto.cz\\\/#\\\/schema\\\/person\\\/010cb4afbca89388ed4b92ad74f2c3a8\",\"name\":\"jdvorak\",\"image\":{\"@type\":\"ImageObject\",\"inLanguage\":\"cs\",\"@id\":\"https:\\\/\\\/hd-foto.cz\\\/wp-content\\\/uploads\\\/2021\\\/10\\\/cropped-cropped-logo.png\",\"url\":\"https:\\\/\\\/hd-foto.cz\\\/wp-content\\\/uploads\\\/2021\\\/10\\\/cropped-cropped-logo.png\",\"contentUrl\":\"https:\\\/\\\/hd-foto.cz\\\/wp-content\\\/uploads\\\/2021\\\/10\\\/cropped-cropped-logo.png\",\"width\":512,\"height\":512,\"caption\":\"jdvorak\"},\"logo\":{\"@id\":\"https:\\\/\\\/hd-foto.cz\\\/wp-content\\\/uploads\\\/2021\\\/10\\\/cropped-cropped-logo.png\"},\"description\":\"Jsem svatebn\u00ed a portr\u00e9tn\u00ed fotograf. Fot\u00edm lidi, jejich radosti, \u0161t\u011bst\u00ed, nad\u0161en\u00ed a zkr\u00e1tka v\u0161e, na co by bylo dobr\u00e9 si za p\u00e1r let vzpomenout. M\u00e1m r\u00e1d fotografie s p\u0159\u00edb\u011bhem.\",\"sameAs\":[\"http:\\\/\\\/www.hd-foto.cz\",\"https:\\\/\\\/www.facebook.com\\\/Honzadvorakfoto\",\"https:\\\/\\\/www.instagram.com\\\/hd_foto.cz\\\/\"]}]}<\/script>\n<!-- \/ Yoast SEO plugin. -->","yoast_head_json":{"title":"Honza Dvo\u0159\u00e1k &#8226; svatebn\u00ed fotograf &#8226; Portfolio","description":"Zastavuji \u010das a uchov\u00e1v\u00e1m vzpom\u00ednky. Fot\u00edm lidi, jejich radosti, \u0161t\u011bst\u00ed a p\u0159\u00edb\u011bhy. V\u0161e, na co by bylo dobr\u00e9 si za p\u00e1r let vzpomenout.","robots":{"index":"index","follow":"follow","max-snippet":"max-snippet:-1","max-image-preview":"max-image-preview:large","max-video-preview":"max-video-preview:-1"},"canonical":"https:\/\/hd-foto.cz\/index.php\/portfolio\/","og_locale":"cs_CZ","og_type":"article","og_title":"Honza Dvo\u0159\u00e1k &#8226; svatebn\u00ed fotograf &#8226; Portfolio","og_description":"Zastavuji \u010das a uchov\u00e1v\u00e1m vzpom\u00ednky. Fot\u00edm lidi, jejich radosti, \u0161t\u011bst\u00ed a p\u0159\u00edb\u011bhy. V\u0161e, na co by bylo dobr\u00e9 si za p\u00e1r let vzpomenout.","og_url":"https:\/\/hd-foto.cz\/index.php\/portfolio\/","og_site_name":"Honza Dvo\u0159\u00e1k","article_publisher":"https:\/\/www.facebook.com\/Honzadvorakfoto","article_modified_time":"2021-10-22T12:55:17+00:00","og_image":[{"url":"http:\/\/hd-foto.cz\/wp-content\/uploads\/2020\/04\/svtby-300x200.jpg","type":"","width":"","height":""}],"schema":{"@context":"https:\/\/schema.org","@graph":[{"@type":"WebPage","@id":"https:\/\/hd-foto.cz\/index.php\/portfolio\/","url":"https:\/\/hd-foto.cz\/index.php\/portfolio\/","name":"Honza Dvo\u0159\u00e1k &#8226; svatebn\u00ed fotograf &#8226; Portfolio","isPartOf":{"@id":"https:\/\/hd-foto.cz\/#website"},"primaryImageOfPage":{"@id":"https:\/\/hd-foto.cz\/index.php\/portfolio\/#primaryimage"},"image":{"@id":"https:\/\/hd-foto.cz\/index.php\/portfolio\/#primaryimage"},"thumbnailUrl":"http:\/\/hd-foto.cz\/wp-content\/uploads\/2020\/04\/svtby-300x200.jpg","datePublished":"2018-08-28T08:23:32+00:00","dateModified":"2021-10-22T12:55:17+00:00","description":"Zastavuji \u010das a uchov\u00e1v\u00e1m vzpom\u00ednky. Fot\u00edm lidi, jejich radosti, \u0161t\u011bst\u00ed a p\u0159\u00edb\u011bhy. V\u0161e, na co by bylo dobr\u00e9 si za p\u00e1r let vzpomenout.","breadcrumb":{"@id":"https:\/\/hd-foto.cz\/index.php\/portfolio\/#breadcrumb"},"inLanguage":"cs","potentialAction":[{"@type":"ReadAction","target":["https:\/\/hd-foto.cz\/index.php\/portfolio\/"]}]},{"@type":"ImageObject","inLanguage":"cs","@id":"https:\/\/hd-foto.cz\/index.php\/portfolio\/#primaryimage","url":"https:\/\/hd-foto.cz\/wp-content\/uploads\/2020\/04\/svtby.jpg","contentUrl":"https:\/\/hd-foto.cz\/wp-content\/uploads\/2020\/04\/svtby.jpg","width":1500,"height":1000},{"@type":"BreadcrumbList","@id":"https:\/\/hd-foto.cz\/index.php\/portfolio\/#breadcrumb","itemListElement":[{"@type":"ListItem","position":1,"name":"Dom\u016f","item":"https:\/\/hd-foto.cz\/"},{"@type":"ListItem","position":2,"name":"Portfolio"}]},{"@type":"WebSite","@id":"https:\/\/hd-foto.cz\/#website","url":"https:\/\/hd-foto.cz\/","name":"Honza Dvo\u0159\u00e1k","description":"prezentace svatebn\u00edho a portr\u00e9tn\u00edho fotografa","publisher":{"@id":"https:\/\/hd-foto.cz\/#\/schema\/person\/010cb4afbca89388ed4b92ad74f2c3a8"},"potentialAction":[{"@type":"SearchAction","target":{"@type":"EntryPoint","urlTemplate":"https:\/\/hd-foto.cz\/?s={search_term_string}"},"query-input":{"@type":"PropertyValueSpecification","valueRequired":true,"valueName":"search_term_string"}}],"inLanguage":"cs"},{"@type":["Person","Organization"],"@id":"https:\/\/hd-foto.cz\/#\/schema\/person\/010cb4afbca89388ed4b92ad74f2c3a8","name":"jdvorak","image":{"@type":"ImageObject","inLanguage":"cs","@id":"https:\/\/hd-foto.cz\/wp-content\/uploads\/2021\/10\/cropped-cropped-logo.png","url":"https:\/\/hd-foto.cz\/wp-content\/uploads\/2021\/10\/cropped-cropped-logo.png","contentUrl":"https:\/\/hd-foto.cz\/wp-content\/uploads\/2021\/10\/cropped-cropped-logo.png","width":512,"height":512,"caption":"jdvorak"},"logo":{"@id":"https:\/\/hd-foto.cz\/wp-content\/uploads\/2021\/10\/cropped-cropped-logo.png"},"description":"Jsem svatebn\u00ed a portr\u00e9tn\u00ed fotograf. Fot\u00edm lidi, jejich radosti, \u0161t\u011bst\u00ed, nad\u0161en\u00ed a zkr\u00e1tka v\u0161e, na co by bylo dobr\u00e9 si za p\u00e1r let vzpomenout. M\u00e1m r\u00e1d fotografie s p\u0159\u00edb\u011bhem.","sameAs":["http:\/\/www.hd-foto.cz","https:\/\/www.facebook.com\/Honzadvorakfoto","https:\/\/www.instagram.com\/hd_foto.cz\/"]}]}},"_links":{"self":[{"href":"https:\/\/hd-foto.cz\/index.php\/wp-json\/wp\/v2\/pages\/14","targetHints":{"allow":["GET"]}}],"collection":[{"href":"https:\/\/hd-foto.cz\/index.php\/wp-json\/wp\/v2\/pages"}],"about":[{"href":"https:\/\/hd-foto.cz\/index.php\/wp-json\/wp\/v2\/types\/page"}],"author":[{"embeddable":true,"href":"https:\/\/hd-foto.cz\/index.php\/wp-json\/wp\/v2\/users\/1"}],"replies":[{"embeddable":true,"href":"https:\/\/hd-foto.cz\/index.php\/wp-json\/wp\/v2\/comments?post=14"}],"version-history":[{"count":40,"href":"https:\/\/hd-foto.cz\/index.php\/wp-json\/wp\/v2\/pages\/14\/revisions"}],"predecessor-version":[{"id":2881,"href":"https:\/\/hd-foto.cz\/index.php\/wp-json\/wp\/v2\/pages\/14\/revisions\/2881"}],"wp:attachment":[{"href":"https:\/\/hd-foto.cz\/index.php\/wp-json\/wp\/v2\/media?parent=14"}],"curies":[{"name":"wp","href":"https:\/\/api.w.org\/{rel}","templated":true}]}}