{"id":751,"date":"2018-10-11T01:57:58","date_gmt":"2018-10-10T23:57:58","guid":{"rendered":"http:\/\/www.hd-foto.cz\/?page_id=751"},"modified":"2024-04-19T15:49:18","modified_gmt":"2024-04-19T13:49:18","slug":"objednavkovy-formular","status":"publish","type":"page","link":"https:\/\/hd-foto.cz\/index.php\/objednavkovy-formular\/","title":{"rendered":"rezerva\u010dn\u00ed formul\u00e1\u0159"},"content":{"rendered":"\n<h3 class=\"wp-block-heading\">rezerva\u010dn\u00ed formul\u00e1\u0159<\/h3>\n\n\n\n<div class=\"wp-block-contact-form-7-contact-form-selector\">\n<div class=\"wpcf7 no-js\" id=\"wpcf7-f745-o1\" lang=\"cs-CZ\" dir=\"ltr\" data-wpcf7-id=\"745\">\n<div class=\"screen-reader-response\"><p role=\"status\" aria-live=\"polite\" aria-atomic=\"true\"><\/p> <ul><\/ul><\/div>\n<form action=\"\/index.php\/wp-json\/wp\/v2\/pages\/751#wpcf7-f745-o1\" method=\"post\" class=\"wpcf7-form init\" aria-label=\"Kontaktn\u00ed formul\u00e1\u0159\" novalidate=\"novalidate\" data-status=\"init\">\n<fieldset class=\"hidden-fields-container\"><input type=\"hidden\" name=\"_wpcf7\" value=\"745\" \/><input type=\"hidden\" name=\"_wpcf7_version\" value=\"6.1.5\" \/><input type=\"hidden\" name=\"_wpcf7_locale\" value=\"cs_CZ\" \/><input type=\"hidden\" name=\"_wpcf7_unit_tag\" value=\"wpcf7-f745-o1\" \/><input type=\"hidden\" name=\"_wpcf7_container_post\" value=\"0\" \/><input type=\"hidden\" name=\"_wpcf7_posted_data_hash\" value=\"\" \/><input type=\"hidden\" name=\"_wpcf7_recaptcha_response\" value=\"\" \/>\n<\/fieldset>\n<p><label> Va\u0161e jm\u00e9no a p\u0159\u00edjmen\u00ed (n\u00e1zev firmy + i\u010do)*<br \/>\n<span class=\"wpcf7-form-control-wrap\" data-name=\"your-name\"><input size=\"40\" maxlength=\"400\" class=\"wpcf7-form-control wpcf7-text wpcf7-validates-as-required\" aria-required=\"true\" aria-invalid=\"false\" value=\"\" type=\"text\" name=\"your-name\" \/><\/span> <\/label>\n<\/p>\n<p><label> V\u00e1\u0161 telefon*<br \/>\n<span class=\"wpcf7-form-control-wrap\" data-name=\"tel-700\"><input size=\"40\" maxlength=\"400\" class=\"wpcf7-form-control wpcf7-tel wpcf7-validates-as-required wpcf7-text wpcf7-validates-as-tel\" aria-required=\"true\" aria-invalid=\"false\" value=\"\" type=\"tel\" name=\"tel-700\" \/><\/span> <\/label>\n<\/p>\n<p><label> V\u00e1\u0161 e-mail*<br \/>\n<span class=\"wpcf7-form-control-wrap\" data-name=\"your-email\"><input size=\"40\" maxlength=\"400\" class=\"wpcf7-form-control wpcf7-email wpcf7-validates-as-required wpcf7-text wpcf7-validates-as-email\" aria-required=\"true\" aria-invalid=\"false\" value=\"\" type=\"email\" name=\"your-email\" \/><\/span> <\/label>\n<\/p>\n<p><label> m\u00edsto focen\u00ed*<br \/>\n<span class=\"wpcf7-form-control-wrap\" data-name=\"text-892\"><input size=\"40\" maxlength=\"400\" class=\"wpcf7-form-control wpcf7-text wpcf7-validates-as-required\" aria-required=\"true\" aria-invalid=\"false\" value=\"\" type=\"text\" name=\"text-892\" \/><\/span> <\/label>\n<\/p>\n<p><label> term\u00edn focen\u00ed*<br \/>\n<span class=\"wpcf7-form-control-wrap\" data-name=\"date-272\"><input class=\"wpcf7-form-control wpcf7-date wpcf7-validates-as-required wpcf7-validates-as-date\" aria-required=\"true\" aria-invalid=\"false\" value=\"\" type=\"date\" name=\"date-272\" \/><\/span> <\/label>\n<\/p>\n<p><label>M\u00e1m z\u00e1jem o:*<br \/>\n<span class=\"wpcf7-form-control-wrap\" data-name=\"menu-341\"><select class=\"wpcf7-form-control wpcf7-select\" aria-invalid=\"false\" name=\"menu-341\"><option value=\"svatebn\u00ed focen\u00ed (20 000,-)\">svatebn\u00ed focen\u00ed (20 000,-)<\/option><option value=\"svatebn\u00ed focen\u00ed - dva fotografov\u00e9 (25 000,-)\">svatebn\u00ed focen\u00ed - dva fotografov\u00e9 (25 000,-)<\/option><option value=\"svatebn\u00ed focen\u00ed mini (13 000,-)\">svatebn\u00ed focen\u00ed mini (13 000,-)<\/option><option value=\"svatebn\u00ed focen\u00ed mini - dva fotografov\u00e9 (16 000,-)\">svatebn\u00ed focen\u00ed mini - dva fotografov\u00e9 (16 000,-)<\/option><option value=\"svatebn\u00ed focen\u00ed - ob\u0159ad + portr\u00e9ty (8 000,-)\">svatebn\u00ed focen\u00ed - ob\u0159ad + portr\u00e9ty (8 000,-)<\/option><option value=\"portr\u00e9tn\u00ed focen\u00ed (1500,-)\">portr\u00e9tn\u00ed focen\u00ed (1500,-)<\/option><option value=\"jin\u00e9 (up\u0159esn\u00edm v popisu)\">jin\u00e9 (up\u0159esn\u00edm v popisu)<\/option><\/select><\/span> <\/label><br \/>\n&nbsp;\n<\/p>\n<p><label> Va\u0161e zpr\u00e1va <\/label><br \/>\n(up\u0159esn\u011bte m\u00edsto focen\u00ed, Va\u0161i p\u0159edstavu, jak by m\u011blo focen\u00ed prob\u00edhat, atd.)<br \/>\n<span class=\"wpcf7-form-control-wrap\" data-name=\"your-message\"><textarea cols=\"40\" rows=\"10\" maxlength=\"2000\" class=\"wpcf7-form-control wpcf7-textarea\" aria-invalid=\"false\" name=\"your-message\"><\/textarea><\/span>\n<\/p>\n<p>&nbsp;\n<\/p>\n<p style=\"text-align:center\"><br \/>\n<label> Odkud jste p\u0159i\u0161li? <\/label>\n<\/p>\n<p><span class=\"wpcf7-form-control-wrap\" data-name=\"checkbox-206\"><span class=\"wpcf7-form-control wpcf7-checkbox wpcf7-validates-as-required wpcf7-exclusive-checkbox\"><span class=\"wpcf7-list-item first\"><input type=\"checkbox\" name=\"checkbox-206\" value=\"Facebook\" \/><span class=\"wpcf7-list-item-label\">Facebook<\/span><\/span><span class=\"wpcf7-list-item\"><input type=\"checkbox\" name=\"checkbox-206\" value=\"Instagram\" \/><span class=\"wpcf7-list-item-label\">Instagram<\/span><\/span><span class=\"wpcf7-list-item\"><input type=\"checkbox\" name=\"checkbox-206\" value=\"Vyhled\u00e1va\u010d\" \/><span class=\"wpcf7-list-item-label\">Vyhled\u00e1va\u010d<\/span><\/span><span class=\"wpcf7-list-item\"><input type=\"checkbox\" name=\"checkbox-206\" value=\"Doporu\u010den\u00ed\" \/><span class=\"wpcf7-list-item-label\">Doporu\u010den\u00ed<\/span><\/span><span class=\"wpcf7-list-item last\"><input type=\"checkbox\" name=\"checkbox-206\" value=\"Ostatn\u00ed\" \/><span class=\"wpcf7-list-item-label\">Ostatn\u00ed<\/span><\/span><\/span><\/span>\n<\/p>\n<p>&nbsp;<br \/>\n<span class=\"wpcf7-form-control-wrap\" data-name=\"acceptance-507\"><span class=\"wpcf7-form-control wpcf7-acceptance\"><span class=\"wpcf7-list-item\"><input type=\"checkbox\" name=\"acceptance-507\" value=\"1\" aria-invalid=\"false\" \/><\/span><\/span><\/span> souhlas s <a href=\"http:\/\/www.hd-foto.cz\/index.php\/vseobecne-obchodni-podminky-vop\/\"target=\"_blank\">v\u0161eobecn\u00fdmi podm\u00ednkami*<\/a><br \/>\n&nbsp;<br \/>\nPole ozna\u010den\u00e9 * je povinn\u00e9<br \/>\n&nbsp;\n<\/p>\n<p><input class=\"wpcf7-form-control wpcf7-submit has-spinner\" type=\"submit\" value=\"Odeslat\" \/><br \/>\nStiskem tla\u010d\u00edtka \u201eOdeslat\u201c souhlas\u00edte se zpracov\u00e1n\u00edm osobn\u00edch \u00fadaj\u016f<br \/>\nza \u00fa\u010delem zaji\u0161t\u011bn\u00ed zp\u011btn\u00e9ho kontaktu.\n<\/p><div class=\"wpcf7-response-output\" aria-hidden=\"true\"><\/div>\n<\/form>\n<\/div>\n<\/div>\n","protected":false},"excerpt":{"rendered":"<p>rezerva\u010dn\u00ed formul\u00e1\u0159<\/p>\n","protected":false},"author":1,"featured_media":0,"parent":0,"menu_order":0,"comment_status":"closed","ping_status":"closed","template":"","meta":{"om_disable_all_campaigns":false,"_monsterinsights_skip_tracking":false,"_monsterinsights_sitenote_active":false,"_monsterinsights_sitenote_note":"","_monsterinsights_sitenote_category":0,"_uf_show_specific_survey":0,"_uf_disable_surveys":false,"ngg_post_thumbnail":0,"_themeisle_gutenberg_block_has_review":false,"footnotes":""},"class_list":["post-751","page","type-page","status-publish","hentry"],"yoast_head":"<!-- This site is optimized with the Yoast SEO plugin v27.4 - https:\/\/yoast.com\/product\/yoast-seo-wordpress\/ -->\n<title>Honza Dvo\u0159\u00e1k &#8226; svatebn\u00ed fotograf &#8226; objedn\u00e1vka focen\u00ed<\/title>\n<meta name=\"description\" content=\"Fot\u00edm lidi, jejich \u0161t\u011bst\u00ed, p\u0159\u00edb\u011bhy a jedine\u010dn\u00e9 okam\u017eiky \u017eivota.\" \/>\n<meta name=\"robots\" content=\"index, follow, max-snippet:-1, max-image-preview:large, max-video-preview:-1\" \/>\n<link rel=\"canonical\" href=\"https:\/\/hd-foto.cz\/index.php\/objednavkovy-formular\/\" \/>\n<meta property=\"og:locale\" content=\"cs_CZ\" \/>\n<meta property=\"og:type\" content=\"article\" \/>\n<meta property=\"og:title\" content=\"Honza Dvo\u0159\u00e1k &#8226; svatebn\u00ed fotograf &#8226; objedn\u00e1vka focen\u00ed\" \/>\n<meta property=\"og:description\" content=\"Fot\u00edm lidi, jejich \u0161t\u011bst\u00ed, p\u0159\u00edb\u011bhy a jedine\u010dn\u00e9 okam\u017eiky \u017eivota.\" \/>\n<meta property=\"og:url\" content=\"https:\/\/hd-foto.cz\/index.php\/objednavkovy-formular\/\" \/>\n<meta property=\"og:site_name\" content=\"Honza Dvo\u0159\u00e1k\" \/>\n<meta property=\"article:publisher\" content=\"https:\/\/www.facebook.com\/Honzadvorakfoto\" \/>\n<meta property=\"article:modified_time\" content=\"2024-04-19T13:49:18+00:00\" \/>\n<meta property=\"og:image\" content=\"https:\/\/hd-foto.cz\/wp-content\/uploads\/2018\/08\/IMG_6042bw.jpg\" \/>\n\t<meta property=\"og:image:width\" content=\"1500\" \/>\n\t<meta property=\"og:image:height\" content=\"1000\" \/>\n\t<meta property=\"og:image:type\" content=\"image\/jpeg\" \/>\n<meta name=\"twitter:label1\" content=\"Odhadovan\u00e1 doba \u010dten\u00ed\" \/>\n\t<meta name=\"twitter:data1\" content=\"1 minuta\" \/>\n<script type=\"application\/ld+json\" class=\"yoast-schema-graph\">{\"@context\":\"https:\\\/\\\/schema.org\",\"@graph\":[{\"@type\":\"WebPage\",\"@id\":\"https:\\\/\\\/hd-foto.cz\\\/index.php\\\/objednavkovy-formular\\\/\",\"url\":\"https:\\\/\\\/hd-foto.cz\\\/index.php\\\/objednavkovy-formular\\\/\",\"name\":\"Honza Dvo\u0159\u00e1k &#8226; svatebn\u00ed fotograf &#8226; objedn\u00e1vka focen\u00ed\",\"isPartOf\":{\"@id\":\"https:\\\/\\\/hd-foto.cz\\\/#website\"},\"datePublished\":\"2018-10-10T23:57:58+00:00\",\"dateModified\":\"2024-04-19T13:49:18+00:00\",\"description\":\"Fot\u00edm lidi, jejich \u0161t\u011bst\u00ed, p\u0159\u00edb\u011bhy a jedine\u010dn\u00e9 okam\u017eiky \u017eivota.\",\"breadcrumb\":{\"@id\":\"https:\\\/\\\/hd-foto.cz\\\/index.php\\\/objednavkovy-formular\\\/#breadcrumb\"},\"inLanguage\":\"cs\",\"potentialAction\":[{\"@type\":\"ReadAction\",\"target\":[\"https:\\\/\\\/hd-foto.cz\\\/index.php\\\/objednavkovy-formular\\\/\"]}]},{\"@type\":\"BreadcrumbList\",\"@id\":\"https:\\\/\\\/hd-foto.cz\\\/index.php\\\/objednavkovy-formular\\\/#breadcrumb\",\"itemListElement\":[{\"@type\":\"ListItem\",\"position\":1,\"name\":\"Dom\u016f\",\"item\":\"https:\\\/\\\/hd-foto.cz\\\/\"},{\"@type\":\"ListItem\",\"position\":2,\"name\":\"rezerva\u010dn\u00ed formul\u00e1\u0159\"}]},{\"@type\":\"WebSite\",\"@id\":\"https:\\\/\\\/hd-foto.cz\\\/#website\",\"url\":\"https:\\\/\\\/hd-foto.cz\\\/\",\"name\":\"Honza Dvo\u0159\u00e1k\",\"description\":\"prezentace svatebn\u00edho a portr\u00e9tn\u00edho fotografa\",\"publisher\":{\"@id\":\"https:\\\/\\\/hd-foto.cz\\\/#\\\/schema\\\/person\\\/010cb4afbca89388ed4b92ad74f2c3a8\"},\"potentialAction\":[{\"@type\":\"SearchAction\",\"target\":{\"@type\":\"EntryPoint\",\"urlTemplate\":\"https:\\\/\\\/hd-foto.cz\\\/?s={search_term_string}\"},\"query-input\":{\"@type\":\"PropertyValueSpecification\",\"valueRequired\":true,\"valueName\":\"search_term_string\"}}],\"inLanguage\":\"cs\"},{\"@type\":[\"Person\",\"Organization\"],\"@id\":\"https:\\\/\\\/hd-foto.cz\\\/#\\\/schema\\\/person\\\/010cb4afbca89388ed4b92ad74f2c3a8\",\"name\":\"jdvorak\",\"image\":{\"@type\":\"ImageObject\",\"inLanguage\":\"cs\",\"@id\":\"https:\\\/\\\/hd-foto.cz\\\/wp-content\\\/uploads\\\/2021\\\/10\\\/cropped-cropped-logo.png\",\"url\":\"https:\\\/\\\/hd-foto.cz\\\/wp-content\\\/uploads\\\/2021\\\/10\\\/cropped-cropped-logo.png\",\"contentUrl\":\"https:\\\/\\\/hd-foto.cz\\\/wp-content\\\/uploads\\\/2021\\\/10\\\/cropped-cropped-logo.png\",\"width\":512,\"height\":512,\"caption\":\"jdvorak\"},\"logo\":{\"@id\":\"https:\\\/\\\/hd-foto.cz\\\/wp-content\\\/uploads\\\/2021\\\/10\\\/cropped-cropped-logo.png\"},\"description\":\"Jsem svatebn\u00ed a portr\u00e9tn\u00ed fotograf. Fot\u00edm lidi, jejich radosti, \u0161t\u011bst\u00ed, nad\u0161en\u00ed a zkr\u00e1tka v\u0161e, na co by bylo dobr\u00e9 si za p\u00e1r let vzpomenout. M\u00e1m r\u00e1d fotografie s p\u0159\u00edb\u011bhem.\",\"sameAs\":[\"http:\\\/\\\/www.hd-foto.cz\",\"https:\\\/\\\/www.facebook.com\\\/Honzadvorakfoto\",\"https:\\\/\\\/www.instagram.com\\\/hd_foto.cz\\\/\"]}]}<\/script>\n<!-- \/ Yoast SEO plugin. -->","yoast_head_json":{"title":"Honza Dvo\u0159\u00e1k &#8226; svatebn\u00ed fotograf &#8226; objedn\u00e1vka focen\u00ed","description":"Fot\u00edm lidi, jejich \u0161t\u011bst\u00ed, p\u0159\u00edb\u011bhy a jedine\u010dn\u00e9 okam\u017eiky \u017eivota.","robots":{"index":"index","follow":"follow","max-snippet":"max-snippet:-1","max-image-preview":"max-image-preview:large","max-video-preview":"max-video-preview:-1"},"canonical":"https:\/\/hd-foto.cz\/index.php\/objednavkovy-formular\/","og_locale":"cs_CZ","og_type":"article","og_title":"Honza Dvo\u0159\u00e1k &#8226; svatebn\u00ed fotograf &#8226; objedn\u00e1vka focen\u00ed","og_description":"Fot\u00edm lidi, jejich \u0161t\u011bst\u00ed, p\u0159\u00edb\u011bhy a jedine\u010dn\u00e9 okam\u017eiky \u017eivota.","og_url":"https:\/\/hd-foto.cz\/index.php\/objednavkovy-formular\/","og_site_name":"Honza Dvo\u0159\u00e1k","article_publisher":"https:\/\/www.facebook.com\/Honzadvorakfoto","article_modified_time":"2024-04-19T13:49:18+00:00","og_image":[{"width":1500,"height":1000,"url":"https:\/\/hd-foto.cz\/wp-content\/uploads\/2018\/08\/IMG_6042bw.jpg","type":"image\/jpeg"}],"twitter_misc":{"Odhadovan\u00e1 doba \u010dten\u00ed":"1 minuta"},"schema":{"@context":"https:\/\/schema.org","@graph":[{"@type":"WebPage","@id":"https:\/\/hd-foto.cz\/index.php\/objednavkovy-formular\/","url":"https:\/\/hd-foto.cz\/index.php\/objednavkovy-formular\/","name":"Honza Dvo\u0159\u00e1k &#8226; svatebn\u00ed fotograf &#8226; objedn\u00e1vka focen\u00ed","isPartOf":{"@id":"https:\/\/hd-foto.cz\/#website"},"datePublished":"2018-10-10T23:57:58+00:00","dateModified":"2024-04-19T13:49:18+00:00","description":"Fot\u00edm lidi, jejich \u0161t\u011bst\u00ed, p\u0159\u00edb\u011bhy a jedine\u010dn\u00e9 okam\u017eiky \u017eivota.","breadcrumb":{"@id":"https:\/\/hd-foto.cz\/index.php\/objednavkovy-formular\/#breadcrumb"},"inLanguage":"cs","potentialAction":[{"@type":"ReadAction","target":["https:\/\/hd-foto.cz\/index.php\/objednavkovy-formular\/"]}]},{"@type":"BreadcrumbList","@id":"https:\/\/hd-foto.cz\/index.php\/objednavkovy-formular\/#breadcrumb","itemListElement":[{"@type":"ListItem","position":1,"name":"Dom\u016f","item":"https:\/\/hd-foto.cz\/"},{"@type":"ListItem","position":2,"name":"rezerva\u010dn\u00ed formul\u00e1\u0159"}]},{"@type":"WebSite","@id":"https:\/\/hd-foto.cz\/#website","url":"https:\/\/hd-foto.cz\/","name":"Honza Dvo\u0159\u00e1k","description":"prezentace svatebn\u00edho a portr\u00e9tn\u00edho fotografa","publisher":{"@id":"https:\/\/hd-foto.cz\/#\/schema\/person\/010cb4afbca89388ed4b92ad74f2c3a8"},"potentialAction":[{"@type":"SearchAction","target":{"@type":"EntryPoint","urlTemplate":"https:\/\/hd-foto.cz\/?s={search_term_string}"},"query-input":{"@type":"PropertyValueSpecification","valueRequired":true,"valueName":"search_term_string"}}],"inLanguage":"cs"},{"@type":["Person","Organization"],"@id":"https:\/\/hd-foto.cz\/#\/schema\/person\/010cb4afbca89388ed4b92ad74f2c3a8","name":"jdvorak","image":{"@type":"ImageObject","inLanguage":"cs","@id":"https:\/\/hd-foto.cz\/wp-content\/uploads\/2021\/10\/cropped-cropped-logo.png","url":"https:\/\/hd-foto.cz\/wp-content\/uploads\/2021\/10\/cropped-cropped-logo.png","contentUrl":"https:\/\/hd-foto.cz\/wp-content\/uploads\/2021\/10\/cropped-cropped-logo.png","width":512,"height":512,"caption":"jdvorak"},"logo":{"@id":"https:\/\/hd-foto.cz\/wp-content\/uploads\/2021\/10\/cropped-cropped-logo.png"},"description":"Jsem svatebn\u00ed a portr\u00e9tn\u00ed fotograf. Fot\u00edm lidi, jejich radosti, \u0161t\u011bst\u00ed, nad\u0161en\u00ed a zkr\u00e1tka v\u0161e, na co by bylo dobr\u00e9 si za p\u00e1r let vzpomenout. M\u00e1m r\u00e1d fotografie s p\u0159\u00edb\u011bhem.","sameAs":["http:\/\/www.hd-foto.cz","https:\/\/www.facebook.com\/Honzadvorakfoto","https:\/\/www.instagram.com\/hd_foto.cz\/"]}]}},"_links":{"self":[{"href":"https:\/\/hd-foto.cz\/index.php\/wp-json\/wp\/v2\/pages\/751","targetHints":{"allow":["GET"]}}],"collection":[{"href":"https:\/\/hd-foto.cz\/index.php\/wp-json\/wp\/v2\/pages"}],"about":[{"href":"https:\/\/hd-foto.cz\/index.php\/wp-json\/wp\/v2\/types\/page"}],"author":[{"embeddable":true,"href":"https:\/\/hd-foto.cz\/index.php\/wp-json\/wp\/v2\/users\/1"}],"replies":[{"embeddable":true,"href":"https:\/\/hd-foto.cz\/index.php\/wp-json\/wp\/v2\/comments?post=751"}],"version-history":[{"count":3,"href":"https:\/\/hd-foto.cz\/index.php\/wp-json\/wp\/v2\/pages\/751\/revisions"}],"predecessor-version":[{"id":3292,"href":"https:\/\/hd-foto.cz\/index.php\/wp-json\/wp\/v2\/pages\/751\/revisions\/3292"}],"wp:attachment":[{"href":"https:\/\/hd-foto.cz\/index.php\/wp-json\/wp\/v2\/media?parent=751"}],"curies":[{"name":"wp","href":"https:\/\/api.w.org\/{rel}","templated":true}]}}