{"id":922,"date":"2018-12-28T02:48:27","date_gmt":"2018-12-28T01:48:27","guid":{"rendered":"http:\/\/www.hd-foto.cz\/?page_id=922"},"modified":"2021-10-23T09:06:18","modified_gmt":"2021-10-23T07:06:18","slug":"svatby","status":"publish","type":"page","link":"https:\/\/hd-foto.cz\/index.php\/portfolio\/svatby\/","title":{"rendered":"svatby"},"content":{"rendered":"\nngg_shortcode_0_placeholder\n\n\n\n<p>Ve\u0161ker\u00e9 publikovan\u00e9 fotografie jsou chr\u00e1n\u011bny autorsk\u00fdm z\u00e1konem.<\/p>\n\n\n\n<p>Jejich dal\u0161\u00ed pou\u017eit\u00ed je mo\u017en\u00e9 pouze s p\u00edsemn\u00fdm svolen\u00edm autora.<\/p>\n","protected":false},"excerpt":{"rendered":"<p>Ve\u0161ker\u00e9 publikovan\u00e9 fotografie jsou chr\u00e1n\u011bny autorsk\u00fdm z\u00e1konem. Jejich dal\u0161\u00ed pou\u017eit\u00ed je mo\u017en\u00e9 pouze s p\u00edsemn\u00fdm svolen\u00edm autora.<\/p>\n","protected":false},"author":1,"featured_media":0,"parent":14,"menu_order":0,"comment_status":"closed","ping_status":"closed","template":"","meta":{"om_disable_all_campaigns":false,"_monsterinsights_skip_tracking":false,"_monsterinsights_sitenote_active":false,"_monsterinsights_sitenote_note":"","_monsterinsights_sitenote_category":0,"_uf_show_specific_survey":0,"_uf_disable_surveys":false,"ngg_post_thumbnail":0,"_themeisle_gutenberg_block_has_review":false,"footnotes":""},"class_list":["post-922","page","type-page","status-publish","hentry"],"yoast_head":"<!-- This site is optimized with the Yoast SEO plugin v27.4 - https:\/\/yoast.com\/product\/yoast-seo-wordpress\/ -->\n<title>Honza Dvo\u0159\u00e1k &#8226; svatebn\u00ed fotograf<\/title>\n<meta name=\"description\" content=\"Galerie svatebn\u00edch fotografi\u00ed. Zastavuji \u010das a uchov\u00e1v\u00e1m vzpom\u00ednky. Fot\u00edm lidi, jejich \u0161t\u011bst\u00ed, p\u0159\u00edb\u011bhy a jedine\u010dn\u00e9 okam\u017eiky \u017eivota.\" \/>\n<meta name=\"robots\" content=\"index, follow, max-snippet:-1, max-image-preview:large, max-video-preview:-1\" \/>\n<link rel=\"canonical\" href=\"https:\/\/hd-foto.cz\/index.php\/portfolio\/svatby\/\" \/>\n<meta property=\"og:locale\" content=\"cs_CZ\" \/>\n<meta property=\"og:type\" content=\"article\" \/>\n<meta property=\"og:title\" content=\"Honza Dvo\u0159\u00e1k &#8226; svatebn\u00ed fotograf\" \/>\n<meta property=\"og:description\" content=\"Galerie svatebn\u00edch fotografi\u00ed. Zastavuji \u010das a uchov\u00e1v\u00e1m vzpom\u00ednky. Fot\u00edm lidi, jejich \u0161t\u011bst\u00ed, p\u0159\u00edb\u011bhy a jedine\u010dn\u00e9 okam\u017eiky \u017eivota.\" \/>\n<meta property=\"og:url\" content=\"https:\/\/hd-foto.cz\/index.php\/portfolio\/svatby\/\" \/>\n<meta property=\"og:site_name\" content=\"Honza Dvo\u0159\u00e1k\" \/>\n<meta property=\"article:publisher\" content=\"https:\/\/www.facebook.com\/Honzadvorakfoto\" \/>\n<meta property=\"article:modified_time\" content=\"2021-10-23T07:06:18+00:00\" \/>\n<meta property=\"og:image\" content=\"https:\/\/hd-foto.cz\/wp-content\/uploads\/2018\/08\/IMG_6042bw.jpg\" \/>\n\t<meta property=\"og:image:width\" content=\"1500\" \/>\n\t<meta property=\"og:image:height\" content=\"1000\" \/>\n\t<meta property=\"og:image:type\" content=\"image\/jpeg\" \/>\n<script type=\"application\/ld+json\" class=\"yoast-schema-graph\">{\"@context\":\"https:\\\/\\\/schema.org\",\"@graph\":[{\"@type\":\"WebPage\",\"@id\":\"https:\\\/\\\/hd-foto.cz\\\/index.php\\\/portfolio\\\/svatby\\\/\",\"url\":\"https:\\\/\\\/hd-foto.cz\\\/index.php\\\/portfolio\\\/svatby\\\/\",\"name\":\"Honza Dvo\u0159\u00e1k &#8226; svatebn\u00ed fotograf\",\"isPartOf\":{\"@id\":\"https:\\\/\\\/hd-foto.cz\\\/#website\"},\"datePublished\":\"2018-12-28T01:48:27+00:00\",\"dateModified\":\"2021-10-23T07:06:18+00:00\",\"description\":\"Galerie svatebn\u00edch fotografi\u00ed. Zastavuji \u010das a uchov\u00e1v\u00e1m vzpom\u00ednky. Fot\u00edm lidi, jejich \u0161t\u011bst\u00ed, p\u0159\u00edb\u011bhy a jedine\u010dn\u00e9 okam\u017eiky \u017eivota.\",\"breadcrumb\":{\"@id\":\"https:\\\/\\\/hd-foto.cz\\\/index.php\\\/portfolio\\\/svatby\\\/#breadcrumb\"},\"inLanguage\":\"cs\",\"potentialAction\":[{\"@type\":\"ReadAction\",\"target\":[\"https:\\\/\\\/hd-foto.cz\\\/index.php\\\/portfolio\\\/svatby\\\/\"]}]},{\"@type\":\"BreadcrumbList\",\"@id\":\"https:\\\/\\\/hd-foto.cz\\\/index.php\\\/portfolio\\\/svatby\\\/#breadcrumb\",\"itemListElement\":[{\"@type\":\"ListItem\",\"position\":1,\"name\":\"Dom\u016f\",\"item\":\"https:\\\/\\\/hd-foto.cz\\\/\"},{\"@type\":\"ListItem\",\"position\":2,\"name\":\"Portfolio\",\"item\":\"https:\\\/\\\/hd-foto.cz\\\/index.php\\\/portfolio\\\/\"},{\"@type\":\"ListItem\",\"position\":3,\"name\":\"svatby\"}]},{\"@type\":\"WebSite\",\"@id\":\"https:\\\/\\\/hd-foto.cz\\\/#website\",\"url\":\"https:\\\/\\\/hd-foto.cz\\\/\",\"name\":\"Honza Dvo\u0159\u00e1k\",\"description\":\"prezentace svatebn\u00edho a portr\u00e9tn\u00edho fotografa\",\"publisher\":{\"@id\":\"https:\\\/\\\/hd-foto.cz\\\/#\\\/schema\\\/person\\\/010cb4afbca89388ed4b92ad74f2c3a8\"},\"potentialAction\":[{\"@type\":\"SearchAction\",\"target\":{\"@type\":\"EntryPoint\",\"urlTemplate\":\"https:\\\/\\\/hd-foto.cz\\\/?s={search_term_string}\"},\"query-input\":{\"@type\":\"PropertyValueSpecification\",\"valueRequired\":true,\"valueName\":\"search_term_string\"}}],\"inLanguage\":\"cs\"},{\"@type\":[\"Person\",\"Organization\"],\"@id\":\"https:\\\/\\\/hd-foto.cz\\\/#\\\/schema\\\/person\\\/010cb4afbca89388ed4b92ad74f2c3a8\",\"name\":\"jdvorak\",\"image\":{\"@type\":\"ImageObject\",\"inLanguage\":\"cs\",\"@id\":\"https:\\\/\\\/hd-foto.cz\\\/wp-content\\\/uploads\\\/2021\\\/10\\\/cropped-cropped-logo.png\",\"url\":\"https:\\\/\\\/hd-foto.cz\\\/wp-content\\\/uploads\\\/2021\\\/10\\\/cropped-cropped-logo.png\",\"contentUrl\":\"https:\\\/\\\/hd-foto.cz\\\/wp-content\\\/uploads\\\/2021\\\/10\\\/cropped-cropped-logo.png\",\"width\":512,\"height\":512,\"caption\":\"jdvorak\"},\"logo\":{\"@id\":\"https:\\\/\\\/hd-foto.cz\\\/wp-content\\\/uploads\\\/2021\\\/10\\\/cropped-cropped-logo.png\"},\"description\":\"Jsem svatebn\u00ed a portr\u00e9tn\u00ed fotograf. Fot\u00edm lidi, jejich radosti, \u0161t\u011bst\u00ed, nad\u0161en\u00ed a zkr\u00e1tka v\u0161e, na co by bylo dobr\u00e9 si za p\u00e1r let vzpomenout. M\u00e1m r\u00e1d fotografie s p\u0159\u00edb\u011bhem.\",\"sameAs\":[\"http:\\\/\\\/www.hd-foto.cz\",\"https:\\\/\\\/www.facebook.com\\\/Honzadvorakfoto\",\"https:\\\/\\\/www.instagram.com\\\/hd_foto.cz\\\/\"]}]}<\/script>\n<!-- \/ Yoast SEO plugin. -->","yoast_head_json":{"title":"Honza Dvo\u0159\u00e1k &#8226; svatebn\u00ed fotograf","description":"Galerie svatebn\u00edch fotografi\u00ed. Zastavuji \u010das a uchov\u00e1v\u00e1m vzpom\u00ednky. Fot\u00edm lidi, jejich \u0161t\u011bst\u00ed, p\u0159\u00edb\u011bhy a jedine\u010dn\u00e9 okam\u017eiky \u017eivota.","robots":{"index":"index","follow":"follow","max-snippet":"max-snippet:-1","max-image-preview":"max-image-preview:large","max-video-preview":"max-video-preview:-1"},"canonical":"https:\/\/hd-foto.cz\/index.php\/portfolio\/svatby\/","og_locale":"cs_CZ","og_type":"article","og_title":"Honza Dvo\u0159\u00e1k &#8226; svatebn\u00ed fotograf","og_description":"Galerie svatebn\u00edch fotografi\u00ed. Zastavuji \u010das a uchov\u00e1v\u00e1m vzpom\u00ednky. Fot\u00edm lidi, jejich \u0161t\u011bst\u00ed, p\u0159\u00edb\u011bhy a jedine\u010dn\u00e9 okam\u017eiky \u017eivota.","og_url":"https:\/\/hd-foto.cz\/index.php\/portfolio\/svatby\/","og_site_name":"Honza Dvo\u0159\u00e1k","article_publisher":"https:\/\/www.facebook.com\/Honzadvorakfoto","article_modified_time":"2021-10-23T07:06:18+00:00","og_image":[{"width":1500,"height":1000,"url":"https:\/\/hd-foto.cz\/wp-content\/uploads\/2018\/08\/IMG_6042bw.jpg","type":"image\/jpeg"}],"schema":{"@context":"https:\/\/schema.org","@graph":[{"@type":"WebPage","@id":"https:\/\/hd-foto.cz\/index.php\/portfolio\/svatby\/","url":"https:\/\/hd-foto.cz\/index.php\/portfolio\/svatby\/","name":"Honza Dvo\u0159\u00e1k &#8226; svatebn\u00ed fotograf","isPartOf":{"@id":"https:\/\/hd-foto.cz\/#website"},"datePublished":"2018-12-28T01:48:27+00:00","dateModified":"2021-10-23T07:06:18+00:00","description":"Galerie svatebn\u00edch fotografi\u00ed. Zastavuji \u010das a uchov\u00e1v\u00e1m vzpom\u00ednky. Fot\u00edm lidi, jejich \u0161t\u011bst\u00ed, p\u0159\u00edb\u011bhy a jedine\u010dn\u00e9 okam\u017eiky \u017eivota.","breadcrumb":{"@id":"https:\/\/hd-foto.cz\/index.php\/portfolio\/svatby\/#breadcrumb"},"inLanguage":"cs","potentialAction":[{"@type":"ReadAction","target":["https:\/\/hd-foto.cz\/index.php\/portfolio\/svatby\/"]}]},{"@type":"BreadcrumbList","@id":"https:\/\/hd-foto.cz\/index.php\/portfolio\/svatby\/#breadcrumb","itemListElement":[{"@type":"ListItem","position":1,"name":"Dom\u016f","item":"https:\/\/hd-foto.cz\/"},{"@type":"ListItem","position":2,"name":"Portfolio","item":"https:\/\/hd-foto.cz\/index.php\/portfolio\/"},{"@type":"ListItem","position":3,"name":"svatby"}]},{"@type":"WebSite","@id":"https:\/\/hd-foto.cz\/#website","url":"https:\/\/hd-foto.cz\/","name":"Honza Dvo\u0159\u00e1k","description":"prezentace svatebn\u00edho a portr\u00e9tn\u00edho fotografa","publisher":{"@id":"https:\/\/hd-foto.cz\/#\/schema\/person\/010cb4afbca89388ed4b92ad74f2c3a8"},"potentialAction":[{"@type":"SearchAction","target":{"@type":"EntryPoint","urlTemplate":"https:\/\/hd-foto.cz\/?s={search_term_string}"},"query-input":{"@type":"PropertyValueSpecification","valueRequired":true,"valueName":"search_term_string"}}],"inLanguage":"cs"},{"@type":["Person","Organization"],"@id":"https:\/\/hd-foto.cz\/#\/schema\/person\/010cb4afbca89388ed4b92ad74f2c3a8","name":"jdvorak","image":{"@type":"ImageObject","inLanguage":"cs","@id":"https:\/\/hd-foto.cz\/wp-content\/uploads\/2021\/10\/cropped-cropped-logo.png","url":"https:\/\/hd-foto.cz\/wp-content\/uploads\/2021\/10\/cropped-cropped-logo.png","contentUrl":"https:\/\/hd-foto.cz\/wp-content\/uploads\/2021\/10\/cropped-cropped-logo.png","width":512,"height":512,"caption":"jdvorak"},"logo":{"@id":"https:\/\/hd-foto.cz\/wp-content\/uploads\/2021\/10\/cropped-cropped-logo.png"},"description":"Jsem svatebn\u00ed a portr\u00e9tn\u00ed fotograf. Fot\u00edm lidi, jejich radosti, \u0161t\u011bst\u00ed, nad\u0161en\u00ed a zkr\u00e1tka v\u0161e, na co by bylo dobr\u00e9 si za p\u00e1r let vzpomenout. M\u00e1m r\u00e1d fotografie s p\u0159\u00edb\u011bhem.","sameAs":["http:\/\/www.hd-foto.cz","https:\/\/www.facebook.com\/Honzadvorakfoto","https:\/\/www.instagram.com\/hd_foto.cz\/"]}]}},"_links":{"self":[{"href":"https:\/\/hd-foto.cz\/index.php\/wp-json\/wp\/v2\/pages\/922","targetHints":{"allow":["GET"]}}],"collection":[{"href":"https:\/\/hd-foto.cz\/index.php\/wp-json\/wp\/v2\/pages"}],"about":[{"href":"https:\/\/hd-foto.cz\/index.php\/wp-json\/wp\/v2\/types\/page"}],"author":[{"embeddable":true,"href":"https:\/\/hd-foto.cz\/index.php\/wp-json\/wp\/v2\/users\/1"}],"replies":[{"embeddable":true,"href":"https:\/\/hd-foto.cz\/index.php\/wp-json\/wp\/v2\/comments?post=922"}],"version-history":[{"count":11,"href":"https:\/\/hd-foto.cz\/index.php\/wp-json\/wp\/v2\/pages\/922\/revisions"}],"predecessor-version":[{"id":3000,"href":"https:\/\/hd-foto.cz\/index.php\/wp-json\/wp\/v2\/pages\/922\/revisions\/3000"}],"up":[{"embeddable":true,"href":"https:\/\/hd-foto.cz\/index.php\/wp-json\/wp\/v2\/pages\/14"}],"wp:attachment":[{"href":"https:\/\/hd-foto.cz\/index.php\/wp-json\/wp\/v2\/media?parent=922"}],"curies":[{"name":"wp","href":"https:\/\/api.w.org\/{rel}","templated":true}]}}